{"id":312,"date":"2022-07-12T14:26:30","date_gmt":"2022-07-12T14:26:30","guid":{"rendered":"https:\/\/akpictures.lt\/?page_id=312"},"modified":"2023-01-31T16:37:55","modified_gmt":"2023-01-31T14:37:55","slug":"reklamos-kainos","status":"publish","type":"page","link":"https:\/\/akpictures.lt\/en\/reklamos-kainos\/","title":{"rendered":"Reklam\u0173 filmavimo kainos"},"content":{"rendered":"<div data-elementor-type=\"wp-page\" data-elementor-id=\"312\" class=\"elementor elementor-312\">\n\t\t\t\t\t\t<div class=\"elementor-inner\">\n\t\t\t\t<div class=\"elementor-section-wrap\">\n\t\t\t\t\t\t\t\t\t<section class=\"elementor-section elementor-top-section elementor-element elementor-element-7ea88db elementor-section-boxed elementor-section-height-default elementor-section-height-default\" data-id=\"7ea88db\" data-element_type=\"section\">\n\t\t\t\t\t\t<div class=\"elementor-container elementor-column-gap-default\">\n\t\t\t\t\t\t\t<div class=\"elementor-row\">\n\t\t\t\t\t<div class=\"elementor-column elementor-col-50 elementor-top-column elementor-element elementor-element-464dba0\" data-id=\"464dba0\" data-element_type=\"column\" data-settings=\"{&quot;background_background&quot;:&quot;classic&quot;}\">\n\t\t\t<div class=\"elementor-column-wrap elementor-element-populated\">\n\t\t\t\t\t\t\t<div class=\"elementor-widget-wrap\">\n\t\t\t\t\t\t<div class=\"elementor-element elementor-element-cb93a9e elementor-widget elementor-widget-image\" data-id=\"cb93a9e\" data-element_type=\"widget\" data-widget_type=\"image.default\">\n\t\t\t\t<div class=\"elementor-widget-container\">\n\t\t\t\t\t\t\t\t<div class=\"elementor-image\">\n\t\t\t\t\t\t\t\t\t\t\t\t<img loading=\"lazy\" decoding=\"async\" width=\"800\" height=\"450\" src=\"https:\/\/akpictures.lt\/wp-content\/uploads\/2022\/07\/1.-Trumpas-filmukas-1024x576.jpg\" class=\"attachment-large size-large wp-image-417\" alt=\"\" srcset=\"https:\/\/akpictures.lt\/wp-content\/uploads\/2022\/07\/1.-Trumpas-filmukas-1024x576.jpg 1024w, https:\/\/akpictures.lt\/wp-content\/uploads\/2022\/07\/1.-Trumpas-filmukas-300x169.jpg 300w, https:\/\/akpictures.lt\/wp-content\/uploads\/2022\/07\/1.-Trumpas-filmukas-768x432.jpg 768w, https:\/\/akpictures.lt\/wp-content\/uploads\/2022\/07\/1.-Trumpas-filmukas-1536x864.jpg 1536w, https:\/\/akpictures.lt\/wp-content\/uploads\/2022\/07\/1.-Trumpas-filmukas.jpg 1754w\" sizes=\"auto, (max-width: 800px) 100vw, 800px\" \/>\t\t\t\t\t\t\t\t\t\t\t\t\t\t<\/div>\n\t\t\t\t\t\t<\/div>\n\t\t\t\t<\/div>\n\t\t\t\t\t\t<\/div>\n\t\t\t\t\t<\/div>\n\t\t<\/div>\n\t\t\t\t<div class=\"elementor-column elementor-col-50 elementor-top-column elementor-element elementor-element-1407273\" data-id=\"1407273\" data-element_type=\"column\">\n\t\t\t<div class=\"elementor-column-wrap elementor-element-populated\">\n\t\t\t\t\t\t\t<div class=\"elementor-widget-wrap\">\n\t\t\t\t\t\t<div class=\"elementor-element elementor-element-7a0c734 elementor-widget elementor-widget-heading\" data-id=\"7a0c734\" data-element_type=\"widget\" data-widget_type=\"heading.default\">\n\t\t\t\t<div class=\"elementor-widget-container\">\n\t\t\t<h2 class=\"elementor-heading-title elementor-size-default\">Short commercial video:<\/h2>\t\t<\/div>\n\t\t\t\t<\/div>\n\t\t\t\t<div class=\"elementor-element elementor-element-b006d5b elementor-icon-list--layout-traditional elementor-list-item-link-full_width elementor-widget elementor-widget-icon-list\" data-id=\"b006d5b\" data-element_type=\"widget\" data-widget_type=\"icon-list.default\">\n\t\t\t\t<div class=\"elementor-widget-container\">\n\t\t\t\t\t<ul class=\"elementor-icon-list-items\">\n\t\t\t\t\t\t\t<li class=\"elementor-icon-list-item\">\n\t\t\t\t\t\t\t\t\t\t<span class=\"elementor-icon-list-text\">- Free consultation;<\/span>\n\t\t\t\t\t\t\t\t\t<\/li>\n\t\t\t\t\t\t\t\t<li class=\"elementor-icon-list-item\">\n\t\t\t\t\t\t\t\t\t\t<span class=\"elementor-icon-list-text\">- Edited video up to 1 min long;<\/span>\n\t\t\t\t\t\t\t\t\t<\/li>\n\t\t\t\t\t\t\t\t<li class=\"elementor-icon-list-item\">\n\t\t\t\t\t\t\t\t\t\t<span class=\"elementor-icon-list-text\">- Adaptable according to the chosen social platforms;<\/span>\n\t\t\t\t\t\t\t\t\t<\/li>\n\t\t\t\t\t\t\t\t<li class=\"elementor-icon-list-item\">\n\t\t\t\t\t\t\t\t\t\t<span class=\"elementor-icon-list-text\">- Adaptable to your chosen audience;<\/span>\n\t\t\t\t\t\t\t\t\t<\/li>\n\t\t\t\t\t\t\t\t<li class=\"elementor-icon-list-item\">\n\t\t\t\t\t\t\t\t\t\t<span class=\"elementor-icon-list-text\">- Travel expenses 20\u20ac \/ 100Km.<\/span>\n\t\t\t\t\t\t\t\t\t<\/li>\n\t\t\t\t\t\t<\/ul>\n\t\t\t\t<\/div>\n\t\t\t\t<\/div>\n\t\t\t\t<div class=\"elementor-element elementor-element-f0f6ca7 elementor-align-center elementor-widget elementor-widget-button\" data-id=\"f0f6ca7\" data-element_type=\"widget\" data-widget_type=\"button.default\">\n\t\t\t\t<div class=\"elementor-widget-container\">\n\t\t\t\t\t<div class=\"elementor-button-wrapper\">\n\t\t\t<a href=\"https:\/\/akpictures.lt\/en\/kategorijos\/reklamos\/\" class=\"elementor-button-link elementor-button elementor-size-sm\" role=\"button\">\n\t\t\t\t\t\t<span class=\"elementor-button-content-wrapper\">\n\t\t\t\t\t\t<span class=\"elementor-button-text\">video example<\/span>\n\t\t<\/span>\n\t\t\t\t\t<\/a>\n\t\t<\/div>\n\t\t\t\t<\/div>\n\t\t\t\t<\/div>\n\t\t\t\t<div class=\"elementor-element elementor-element-23627ac elementor-widget elementor-widget-text-editor\" data-id=\"23627ac\" data-element_type=\"widget\" data-widget_type=\"text-editor.default\">\n\t\t\t\t<div class=\"elementor-widget-container\">\n\t\t\t\t\t\t\t\t<div class=\"elementor-text-editor elementor-clearfix\">\n\t\t\t\t<p>Price: from 350\u20ac<\/p>\t\t\t\t\t<\/div>\n\t\t\t\t\t\t<\/div>\n\t\t\t\t<\/div>\n\t\t\t\t\t\t<\/div>\n\t\t\t\t\t<\/div>\n\t\t<\/div>\n\t\t\t\t\t\t\t\t<\/div>\n\t\t\t\t\t<\/div>\n\t\t<\/section>\n\t\t\t\t<section class=\"elementor-section elementor-top-section elementor-element elementor-element-e6e96eb elementor-section-boxed elementor-section-height-default elementor-section-height-default\" data-id=\"e6e96eb\" data-element_type=\"section\">\n\t\t\t\t\t\t<div class=\"elementor-container elementor-column-gap-default\">\n\t\t\t\t\t\t\t<div class=\"elementor-row\">\n\t\t\t\t\t<div class=\"elementor-column elementor-col-100 elementor-top-column elementor-element elementor-element-e891a83\" data-id=\"e891a83\" data-element_type=\"column\">\n\t\t\t<div class=\"elementor-column-wrap elementor-element-populated\">\n\t\t\t\t\t\t\t<div class=\"elementor-widget-wrap\">\n\t\t\t\t\t\t<div class=\"elementor-element elementor-element-a6b10fd elementor-widget-divider--view-line elementor-widget elementor-widget-divider\" data-id=\"a6b10fd\" data-element_type=\"widget\" data-widget_type=\"divider.default\">\n\t\t\t\t<div class=\"elementor-widget-container\">\n\t\t\t\t\t<div class=\"elementor-divider\">\n\t\t\t<span class=\"elementor-divider-separator\">\n\t\t\t\t\t\t<\/span>\n\t\t<\/div>\n\t\t\t\t<\/div>\n\t\t\t\t<\/div>\n\t\t\t\t\t\t<\/div>\n\t\t\t\t\t<\/div>\n\t\t<\/div>\n\t\t\t\t\t\t\t\t<\/div>\n\t\t\t\t\t<\/div>\n\t\t<\/section>\n\t\t\t\t<section class=\"elementor-section elementor-top-section elementor-element elementor-element-2763bcb elementor-section-boxed elementor-section-height-default elementor-section-height-default\" data-id=\"2763bcb\" data-element_type=\"section\">\n\t\t\t\t\t\t<div class=\"elementor-container elementor-column-gap-default\">\n\t\t\t\t\t\t\t<div class=\"elementor-row\">\n\t\t\t\t\t<div class=\"elementor-column elementor-col-50 elementor-top-column elementor-element elementor-element-493e4bd\" data-id=\"493e4bd\" data-element_type=\"column\" data-settings=\"{&quot;background_background&quot;:&quot;classic&quot;}\">\n\t\t\t<div class=\"elementor-column-wrap elementor-element-populated\">\n\t\t\t\t\t\t\t<div class=\"elementor-widget-wrap\">\n\t\t\t\t\t\t<div class=\"elementor-element elementor-element-6c679a0 elementor-widget elementor-widget-image\" data-id=\"6c679a0\" data-element_type=\"widget\" data-widget_type=\"image.default\">\n\t\t\t\t<div class=\"elementor-widget-container\">\n\t\t\t\t\t\t\t\t<div class=\"elementor-image\">\n\t\t\t\t\t\t\t\t\t\t\t\t<img loading=\"lazy\" decoding=\"async\" width=\"800\" height=\"450\" src=\"https:\/\/akpictures.lt\/wp-content\/uploads\/2022\/07\/2.-Reklamu-individualus-1024x576.jpg\" class=\"attachment-large size-large wp-image-416\" alt=\"\" srcset=\"https:\/\/akpictures.lt\/wp-content\/uploads\/2022\/07\/2.-Reklamu-individualus-1024x576.jpg 1024w, https:\/\/akpictures.lt\/wp-content\/uploads\/2022\/07\/2.-Reklamu-individualus-300x169.jpg 300w, https:\/\/akpictures.lt\/wp-content\/uploads\/2022\/07\/2.-Reklamu-individualus-768x432.jpg 768w, https:\/\/akpictures.lt\/wp-content\/uploads\/2022\/07\/2.-Reklamu-individualus-1536x864.jpg 1536w, https:\/\/akpictures.lt\/wp-content\/uploads\/2022\/07\/2.-Reklamu-individualus-2048x1152.jpg 2048w\" sizes=\"auto, (max-width: 800px) 100vw, 800px\" \/>\t\t\t\t\t\t\t\t\t\t\t\t\t\t<\/div>\n\t\t\t\t\t\t<\/div>\n\t\t\t\t<\/div>\n\t\t\t\t\t\t<\/div>\n\t\t\t\t\t<\/div>\n\t\t<\/div>\n\t\t\t\t<div class=\"elementor-column elementor-col-50 elementor-top-column elementor-element elementor-element-a249570\" data-id=\"a249570\" data-element_type=\"column\">\n\t\t\t<div class=\"elementor-column-wrap elementor-element-populated\">\n\t\t\t\t\t\t\t<div class=\"elementor-widget-wrap\">\n\t\t\t\t\t\t<div class=\"elementor-element elementor-element-080e038 elementor-widget elementor-widget-heading\" data-id=\"080e038\" data-element_type=\"widget\" data-widget_type=\"heading.default\">\n\t\t\t\t<div class=\"elementor-widget-container\">\n\t\t\t<h2 class=\"elementor-heading-title elementor-size-default\">Individual orders:<\/h2>\t\t<\/div>\n\t\t\t\t<\/div>\n\t\t\t\t<div class=\"elementor-element elementor-element-d74bd4f elementor-icon-list--layout-traditional elementor-list-item-link-full_width elementor-widget elementor-widget-icon-list\" data-id=\"d74bd4f\" data-element_type=\"widget\" data-widget_type=\"icon-list.default\">\n\t\t\t\t<div class=\"elementor-widget-container\">\n\t\t\t\t\t<ul class=\"elementor-icon-list-items\">\n\t\t\t\t\t\t\t<li class=\"elementor-icon-list-item\">\n\t\t\t\t\t\t\t\t\t\t<span class=\"elementor-icon-list-text\"><\/span>\n\t\t\t\t\t\t\t\t\t<\/li>\n\t\t\t\t\t\t<\/ul>\n\t\t\t\t<\/div>\n\t\t\t\t<\/div>\n\t\t\t\t<div class=\"elementor-element elementor-element-dd21336 elementor-widget elementor-widget-text-editor\" data-id=\"dd21336\" data-element_type=\"widget\" data-widget_type=\"text-editor.default\">\n\t\t\t\t<div class=\"elementor-widget-container\">\n\t\t\t\t\t\t\t\t<div class=\"elementor-text-editor elementor-clearfix\">\n\t\t\t\t<p><span style=\"color: #000000;\">Price: Individual<\/span><\/p>\t\t\t\t\t<\/div>\n\t\t\t\t\t\t<\/div>\n\t\t\t\t<\/div>\n\t\t\t\t\t\t<\/div>\n\t\t\t\t\t<\/div>\n\t\t<\/div>\n\t\t\t\t\t\t\t\t<\/div>\n\t\t\t\t\t<\/div>\n\t\t<\/section>\n\t\t\t\t<section class=\"elementor-section elementor-top-section elementor-element elementor-element-fecfd0d elementor-section-boxed elementor-section-height-default elementor-section-height-default\" data-id=\"fecfd0d\" data-element_type=\"section\">\n\t\t\t\t\t\t<div class=\"elementor-container elementor-column-gap-default\">\n\t\t\t\t\t\t\t<div class=\"elementor-row\">\n\t\t\t\t\t<div class=\"elementor-column elementor-col-100 elementor-top-column elementor-element elementor-element-7960634\" data-id=\"7960634\" data-element_type=\"column\">\n\t\t\t<div class=\"elementor-column-wrap elementor-element-populated\">\n\t\t\t\t\t\t\t<div class=\"elementor-widget-wrap\">\n\t\t\t\t\t\t<div class=\"elementor-element elementor-element-97c78e2 elementor-align-center elementor-widget elementor-widget-button\" data-id=\"97c78e2\" data-element_type=\"widget\" data-widget_type=\"button.default\">\n\t\t\t\t<div class=\"elementor-widget-container\">\n\t\t\t\t\t<div class=\"elementor-button-wrapper\">\n\t\t\t<a href=\"https:\/\/akpictures.lt\/en\/kontaktai\/\" class=\"elementor-button-link elementor-button elementor-size-sm\" role=\"button\">\n\t\t\t\t\t\t<span class=\"elementor-button-content-wrapper\">\n\t\t\t\t\t\t<span class=\"elementor-button-text\">Let's get in touch!<\/span>\n\t\t<\/span>\n\t\t\t\t\t<\/a>\n\t\t<\/div>\n\t\t\t\t<\/div>\n\t\t\t\t<\/div>\n\t\t\t\t<div class=\"elementor-element elementor-element-67a0931 elementor-widget elementor-widget-text-editor\" data-id=\"67a0931\" data-element_type=\"widget\" data-widget_type=\"text-editor.default\">\n\t\t\t\t<div class=\"elementor-widget-container\">\n\t\t\t\t\t\t\t\t<div class=\"elementor-text-editor elementor-clearfix\">\n\t\t\t\t\t\t\t\t\t<\/div>\n\t\t\t\t\t\t<\/div>\n\t\t\t\t<\/div>\n\t\t\t\t\t\t<\/div>\n\t\t\t\t\t<\/div>\n\t\t<\/div>\n\t\t\t\t\t\t\t\t<\/div>\n\t\t\t\t\t<\/div>\n\t\t<\/section>\n\t\t\t\t\t\t\t\t\t<\/div>\n\t\t\t<\/div>\n\t\t\t\t\t<\/div>","protected":false},"excerpt":{"rendered":"<p>Trumpas filmukas: &#8211; Nemokama konsultacija; &#8211; Iki 1 minut\u0117s trukm\u0117s; &#8211; Pritaikomas pagal pasirinkt\u0105\/as vie\u0161inimo platform\u0105\/as; &#8211; Pritaikomas pagal pasirinkt\u0105 auditorij\u0105; &#8211; Transporto i\u0161laidos 20\u20ac \/ 100Km. \u017ei\u016br\u0117ti pavyzd\u012f Kaina: nuo 350\u20ac Individual\u016bs u\u017esakymai: Kaina: Individuali susisiekime<\/p>","protected":false},"author":1,"featured_media":0,"parent":0,"menu_order":0,"comment_status":"closed","ping_status":"closed","template":"elementor_header_footer","meta":{"_mi_skip_tracking":false,"footnotes":""},"class_list":["post-312","page","type-page","status-publish","hentry"],"yoast_head":"<!-- This site is optimized with the Yoast SEO plugin v19.4 - https:\/\/yoast.com\/wordpress\/plugins\/seo\/ -->\n<title>Reklam\u0173 filmavimo kainos - AKpictures<\/title>\n<meta name=\"robots\" content=\"index, follow, max-snippet:-1, max-image-preview:large, max-video-preview:-1\" \/>\n<link rel=\"canonical\" href=\"https:\/\/akpictures.lt\/en\/reklamos-kainos\/\" \/>\n<meta property=\"og:locale\" content=\"en_GB\" \/>\n<meta property=\"og:type\" content=\"article\" \/>\n<meta property=\"og:title\" content=\"Reklam\u0173 filmavimo kainos - AKpictures\" \/>\n<meta property=\"og:description\" content=\"Trumpas filmukas: &#8211; Nemokama konsultacija; &#8211; Iki 1 minut\u0117s trukm\u0117s; &#8211; Pritaikomas pagal pasirinkt\u0105\/as vie\u0161inimo platform\u0105\/as; &#8211; Pritaikomas pagal pasirinkt\u0105 auditorij\u0105; &#8211; Transporto i\u0161laidos 20\u20ac \/ 100Km. \u017ei\u016br\u0117ti pavyzd\u012f Kaina: nuo 350\u20ac Individual\u016bs u\u017esakymai: Kaina: Individuali susisiekime\" \/>\n<meta property=\"og:url\" content=\"https:\/\/akpictures.lt\/en\/reklamos-kainos\/\" \/>\n<meta property=\"og:site_name\" content=\"AKpictures\" \/>\n<meta property=\"article:publisher\" content=\"https:\/\/www.facebook.com\/profile.php?id=100088568606295\" \/>\n<meta property=\"article:modified_time\" content=\"2023-01-31T14:37:55+00:00\" \/>\n<meta property=\"og:image\" content=\"https:\/\/akpictures.lt\/wp-content\/uploads\/2022\/07\/1.-Trumpas-filmukas-1024x576.jpg\" \/>\n<meta name=\"twitter:card\" content=\"summary_large_image\" \/>\n<meta name=\"twitter:label1\" content=\"Estimated reading time\" \/>\n\t<meta name=\"twitter:data1\" content=\"1 minute\" \/>\n<script type=\"application\/ld+json\" class=\"yoast-schema-graph\">{\"@context\":\"https:\/\/schema.org\",\"@graph\":[{\"@type\":\"Organization\",\"@id\":\"https:\/\/akpictures.lt\/#organization\",\"name\":\"a.k.pictures\",\"url\":\"https:\/\/akpictures.lt\/\",\"sameAs\":[\"https:\/\/www.instagram.com\/a.k.pictures\/\",\"https:\/\/www.youtube.com\/channel\/UCngkNADYalSCHkZ1CqL0EYg\",\"https:\/\/www.facebook.com\/profile.php?id=100088568606295\"],\"logo\":{\"@type\":\"ImageObject\",\"inLanguage\":\"en-GB\",\"@id\":\"https:\/\/akpictures.lt\/#\/schema\/logo\/image\/\",\"url\":\"https:\/\/akpictures.lt\/wp-content\/uploads\/2023\/01\/a.k.pictures-juodas-transparent.png\",\"contentUrl\":\"https:\/\/akpictures.lt\/wp-content\/uploads\/2023\/01\/a.k.pictures-juodas-transparent.png\",\"width\":7080,\"height\":1201,\"caption\":\"a.k.pictures\"},\"image\":{\"@id\":\"https:\/\/akpictures.lt\/#\/schema\/logo\/image\/\"}},{\"@type\":\"WebSite\",\"@id\":\"https:\/\/akpictures.lt\/#website\",\"url\":\"https:\/\/akpictures.lt\/\",\"name\":\"AKpictures\",\"description\":\"vestuvi\u0173 filmai\",\"publisher\":{\"@id\":\"https:\/\/akpictures.lt\/#organization\"},\"potentialAction\":[{\"@type\":\"SearchAction\",\"target\":{\"@type\":\"EntryPoint\",\"urlTemplate\":\"https:\/\/akpictures.lt\/?s={search_term_string}\"},\"query-input\":\"required name=search_term_string\"}],\"inLanguage\":\"en-GB\"},{\"@type\":\"WebPage\",\"@id\":\"https:\/\/akpictures.lt\/reklamos-kainos\/\",\"url\":\"https:\/\/akpictures.lt\/reklamos-kainos\/\",\"name\":\"Reklam\u0173 filmavimo kainos - AKpictures\",\"isPartOf\":{\"@id\":\"https:\/\/akpictures.lt\/#website\"},\"datePublished\":\"2022-07-12T14:26:30+00:00\",\"dateModified\":\"2023-01-31T14:37:55+00:00\",\"breadcrumb\":{\"@id\":\"https:\/\/akpictures.lt\/reklamos-kainos\/#breadcrumb\"},\"inLanguage\":\"en-GB\",\"potentialAction\":[{\"@type\":\"ReadAction\",\"target\":[\"https:\/\/akpictures.lt\/reklamos-kainos\/\"]}]},{\"@type\":\"BreadcrumbList\",\"@id\":\"https:\/\/akpictures.lt\/reklamos-kainos\/#breadcrumb\",\"itemListElement\":[{\"@type\":\"ListItem\",\"position\":1,\"name\":\"Prad\u017eia\",\"item\":\"https:\/\/akpictures.lt\/\"},{\"@type\":\"ListItem\",\"position\":2,\"name\":\"Reklam\u0173 filmavimo kainos\"}]}]}<\/script>\n<!-- \/ Yoast SEO plugin. -->","yoast_head_json":{"title":"Reklam\u0173 filmavimo kainos - AKpictures","robots":{"index":"index","follow":"follow","max-snippet":"max-snippet:-1","max-image-preview":"max-image-preview:large","max-video-preview":"max-video-preview:-1"},"canonical":"https:\/\/akpictures.lt\/en\/reklamos-kainos\/","og_locale":"en_GB","og_type":"article","og_title":"Reklam\u0173 filmavimo kainos - AKpictures","og_description":"Trumpas filmukas: &#8211; Nemokama konsultacija; &#8211; Iki 1 minut\u0117s trukm\u0117s; &#8211; Pritaikomas pagal pasirinkt\u0105\/as vie\u0161inimo platform\u0105\/as; &#8211; Pritaikomas pagal pasirinkt\u0105 auditorij\u0105; &#8211; Transporto i\u0161laidos 20\u20ac \/ 100Km. \u017ei\u016br\u0117ti pavyzd\u012f Kaina: nuo 350\u20ac Individual\u016bs u\u017esakymai: Kaina: Individuali susisiekime","og_url":"https:\/\/akpictures.lt\/en\/reklamos-kainos\/","og_site_name":"AKpictures","article_publisher":"https:\/\/www.facebook.com\/profile.php?id=100088568606295","article_modified_time":"2023-01-31T14:37:55+00:00","og_image":[{"url":"https:\/\/akpictures.lt\/wp-content\/uploads\/2022\/07\/1.-Trumpas-filmukas-1024x576.jpg"}],"twitter_card":"summary_large_image","twitter_misc":{"Estimated reading time":"1 minute"},"schema":{"@context":"https:\/\/schema.org","@graph":[{"@type":"Organization","@id":"https:\/\/akpictures.lt\/#organization","name":"a.k.pictures","url":"https:\/\/akpictures.lt\/","sameAs":["https:\/\/www.instagram.com\/a.k.pictures\/","https:\/\/www.youtube.com\/channel\/UCngkNADYalSCHkZ1CqL0EYg","https:\/\/www.facebook.com\/profile.php?id=100088568606295"],"logo":{"@type":"ImageObject","inLanguage":"en-GB","@id":"https:\/\/akpictures.lt\/#\/schema\/logo\/image\/","url":"https:\/\/akpictures.lt\/wp-content\/uploads\/2023\/01\/a.k.pictures-juodas-transparent.png","contentUrl":"https:\/\/akpictures.lt\/wp-content\/uploads\/2023\/01\/a.k.pictures-juodas-transparent.png","width":7080,"height":1201,"caption":"a.k.pictures"},"image":{"@id":"https:\/\/akpictures.lt\/#\/schema\/logo\/image\/"}},{"@type":"WebSite","@id":"https:\/\/akpictures.lt\/#website","url":"https:\/\/akpictures.lt\/","name":"AKpictures","description":"vestuvi\u0173 filmai","publisher":{"@id":"https:\/\/akpictures.lt\/#organization"},"potentialAction":[{"@type":"SearchAction","target":{"@type":"EntryPoint","urlTemplate":"https:\/\/akpictures.lt\/?s={search_term_string}"},"query-input":"required name=search_term_string"}],"inLanguage":"en-GB"},{"@type":"WebPage","@id":"https:\/\/akpictures.lt\/reklamos-kainos\/","url":"https:\/\/akpictures.lt\/reklamos-kainos\/","name":"Reklam\u0173 filmavimo kainos - AKpictures","isPartOf":{"@id":"https:\/\/akpictures.lt\/#website"},"datePublished":"2022-07-12T14:26:30+00:00","dateModified":"2023-01-31T14:37:55+00:00","breadcrumb":{"@id":"https:\/\/akpictures.lt\/reklamos-kainos\/#breadcrumb"},"inLanguage":"en-GB","potentialAction":[{"@type":"ReadAction","target":["https:\/\/akpictures.lt\/reklamos-kainos\/"]}]},{"@type":"BreadcrumbList","@id":"https:\/\/akpictures.lt\/reklamos-kainos\/#breadcrumb","itemListElement":[{"@type":"ListItem","position":1,"name":"Prad\u017eia","item":"https:\/\/akpictures.lt\/"},{"@type":"ListItem","position":2,"name":"Reklam\u0173 filmavimo kainos"}]}]}},"_links":{"self":[{"href":"https:\/\/akpictures.lt\/en\/wp-json\/wp\/v2\/pages\/312","targetHints":{"allow":["GET"]}}],"collection":[{"href":"https:\/\/akpictures.lt\/en\/wp-json\/wp\/v2\/pages"}],"about":[{"href":"https:\/\/akpictures.lt\/en\/wp-json\/wp\/v2\/types\/page"}],"author":[{"embeddable":true,"href":"https:\/\/akpictures.lt\/en\/wp-json\/wp\/v2\/users\/1"}],"replies":[{"embeddable":true,"href":"https:\/\/akpictures.lt\/en\/wp-json\/wp\/v2\/comments?post=312"}],"version-history":[{"count":48,"href":"https:\/\/akpictures.lt\/en\/wp-json\/wp\/v2\/pages\/312\/revisions"}],"predecessor-version":[{"id":2459,"href":"https:\/\/akpictures.lt\/en\/wp-json\/wp\/v2\/pages\/312\/revisions\/2459"}],"wp:attachment":[{"href":"https:\/\/akpictures.lt\/en\/wp-json\/wp\/v2\/media?parent=312"}],"curies":[{"name":"wp","href":"https:\/\/api.w.org\/{rel}","templated":true}]}}