{"id":2008,"date":"2023-01-26T06:47:35","date_gmt":"2023-01-26T04:47:35","guid":{"rendered":"https:\/\/akpictures.lt\/?page_id=2008"},"modified":"2023-02-19T10:03:49","modified_gmt":"2023-02-19T08:03:49","slug":"duk","status":"publish","type":"page","link":"https:\/\/akpictures.lt\/en\/duk\/","title":{"rendered":"F. A. Q."},"content":{"rendered":"<div data-elementor-type=\"wp-page\" data-elementor-id=\"2008\" class=\"elementor elementor-2008\">\n\t\t\t\t\t\t<div class=\"elementor-inner\">\n\t\t\t\t<div class=\"elementor-section-wrap\">\n\t\t\t\t\t\t\t\t\t<section class=\"elementor-section elementor-top-section elementor-element elementor-element-0f6e905 elementor-section-boxed elementor-section-height-default elementor-section-height-default\" data-id=\"0f6e905\" data-element_type=\"section\">\n\t\t\t\t\t\t<div class=\"elementor-container elementor-column-gap-default\">\n\t\t\t\t\t\t\t<div class=\"elementor-row\">\n\t\t\t\t\t<div class=\"elementor-column elementor-col-100 elementor-top-column elementor-element elementor-element-b4a2d69\" data-id=\"b4a2d69\" data-element_type=\"column\">\n\t\t\t<div class=\"elementor-column-wrap elementor-element-populated\">\n\t\t\t\t\t\t\t<div class=\"elementor-widget-wrap\">\n\t\t\t\t\t\t<div class=\"elementor-element elementor-element-799dbd4 elementor-widget elementor-widget-spacer\" data-id=\"799dbd4\" data-element_type=\"widget\" data-widget_type=\"spacer.default\">\n\t\t\t\t<div class=\"elementor-widget-container\">\n\t\t\t\t\t<div class=\"elementor-spacer\">\n\t\t\t<div class=\"elementor-spacer-inner\"><\/div>\n\t\t<\/div>\n\t\t\t\t<\/div>\n\t\t\t\t<\/div>\n\t\t\t\t\t\t<\/div>\n\t\t\t\t\t<\/div>\n\t\t<\/div>\n\t\t\t\t\t\t\t\t<\/div>\n\t\t\t\t\t<\/div>\n\t\t<\/section>\n\t\t\t\t<section class=\"elementor-section elementor-top-section elementor-element elementor-element-56f1a1a elementor-section-boxed elementor-section-height-default elementor-section-height-default\" data-id=\"56f1a1a\" data-element_type=\"section\">\n\t\t\t\t\t\t<div class=\"elementor-container elementor-column-gap-default\">\n\t\t\t\t\t\t\t<div class=\"elementor-row\">\n\t\t\t\t\t<div class=\"elementor-column elementor-col-50 elementor-top-column elementor-element elementor-element-e455446\" data-id=\"e455446\" data-element_type=\"column\">\n\t\t\t<div class=\"elementor-column-wrap elementor-element-populated\">\n\t\t\t\t\t\t\t<div class=\"elementor-widget-wrap\">\n\t\t\t\t\t\t<div class=\"elementor-element elementor-element-e7dd919 elementor-widget elementor-widget-text-editor\" data-id=\"e7dd919\" data-element_type=\"widget\" data-widget_type=\"text-editor.default\">\n\t\t\t\t<div class=\"elementor-widget-container\">\n\t\t\t\t\t\t\t\t<div class=\"elementor-text-editor elementor-clearfix\">\n\t\t\t\t<p><strong>How many cameras do you use at a wedding?<\/strong><\/p>\t\t\t\t\t<\/div>\n\t\t\t\t\t\t<\/div>\n\t\t\t\t<\/div>\n\t\t\t\t<div class=\"elementor-element elementor-element-6ac8d5b elementor-widget elementor-widget-text-editor\" data-id=\"6ac8d5b\" data-element_type=\"widget\" data-widget_type=\"text-editor.default\">\n\t\t\t\t<div class=\"elementor-widget-container\">\n\t\t\t\t\t\t\t\t<div class=\"elementor-text-editor elementor-clearfix\">\n\t\t\t\t<p>I always have two cameras and two drones if I'm filming alone. Three cameras and two drones, if there are two of us filming. Second drone - just in case, you never know what can happen. The cameras come with different lenses, I use them as needed and also the second camera serves as a backup in case the main camera has problems.<\/p>\t\t\t\t\t<\/div>\n\t\t\t\t\t\t<\/div>\n\t\t\t\t<\/div>\n\t\t\t\t<div class=\"elementor-element elementor-element-baeb321 elementor-widget elementor-widget-text-editor\" data-id=\"baeb321\" data-element_type=\"widget\" data-widget_type=\"text-editor.default\">\n\t\t\t\t<div class=\"elementor-widget-container\">\n\t\t\t\t\t\t\t\t<div class=\"elementor-text-editor elementor-clearfix\">\n\t\t\t\t<p><strong>When and how should I book you for my wedding?<\/strong><\/p>\t\t\t\t\t<\/div>\n\t\t\t\t\t\t<\/div>\n\t\t\t\t<\/div>\n\t\t\t\t<div class=\"elementor-element elementor-element-9832ce7 elementor-widget elementor-widget-text-editor\" data-id=\"9832ce7\" data-element_type=\"widget\" data-widget_type=\"text-editor.default\">\n\t\t\t\t<div class=\"elementor-widget-container\">\n\t\t\t\t\t\t\t\t<div class=\"elementor-text-editor elementor-clearfix\">\n\t\t\t\t<p>Contact by email by post or in another convenient way for you. We will talk about your holiday, we will be happy to answer all your questions and advise which services we offer are worth considering. The date is guaranteed by signing the contract and transferring the advance, which is 200eu.<\/p>\t\t\t\t\t<\/div>\n\t\t\t\t\t\t<\/div>\n\t\t\t\t<\/div>\n\t\t\t\t<div class=\"elementor-element elementor-element-cd62072 elementor-widget elementor-widget-text-editor\" data-id=\"cd62072\" data-element_type=\"widget\" data-widget_type=\"text-editor.default\">\n\t\t\t\t<div class=\"elementor-widget-container\">\n\t\t\t\t\t\t\t\t<div class=\"elementor-text-editor elementor-clearfix\">\n\t\t\t\t<p><strong>What is the Same Day Edit film?<\/strong><\/p>\t\t\t\t\t<\/div>\n\t\t\t\t\t\t<\/div>\n\t\t\t\t<\/div>\n\t\t\t\t<div class=\"elementor-element elementor-element-59fc79d elementor-widget elementor-widget-text-editor\" data-id=\"59fc79d\" data-element_type=\"widget\" data-widget_type=\"text-editor.default\">\n\t\t\t\t<div class=\"elementor-widget-container\">\n\t\t\t\t\t\t\t\t<div class=\"elementor-text-editor elementor-clearfix\">\n\t\t\t\t<p>\u00a0Weddings are always eagerly waiting for months to receive their videos. We suggest not to wait, but to watch the video with all the guests right before the wedding night! During the photo session, we ask the young people a few questions, we film it, and when we arrive at the place of the evening celebration, one of us starts editing the video, while the other one films the evening part. We take care of the screen, projector and sound ourselves. You really don't need to worry about it. It is a surprise for the holiday guests, especially parents and grandparents. After all, they didn't see what you were doing during the photo shoot! The video lasts about 10-15 minutes, the guests laugh and squeeze each other's tears. It becomes a very emotional moment at the end of the party, after which we recommend shooting fireworks and cutting the cake, thus crowning the entire Young People's Day.<\/p>\t\t\t\t\t<\/div>\n\t\t\t\t\t\t<\/div>\n\t\t\t\t<\/div>\n\t\t\t\t<div class=\"elementor-element elementor-element-3eb4678 elementor-widget elementor-widget-text-editor\" data-id=\"3eb4678\" data-element_type=\"widget\" data-widget_type=\"text-editor.default\">\n\t\t\t\t<div class=\"elementor-widget-container\">\n\t\t\t\t\t\t\t\t<div class=\"elementor-text-editor elementor-clearfix\">\n\t\t\t\t<p><strong>We don't know what to give parents on their wedding day. What can you advise?<\/strong><\/p>\t\t\t\t\t<\/div>\n\t\t\t\t\t\t<\/div>\n\t\t\t\t<\/div>\n\t\t\t\t<div class=\"elementor-element elementor-element-c54ce4e elementor-widget elementor-widget-text-editor\" data-id=\"c54ce4e\" data-element_type=\"widget\" data-widget_type=\"text-editor.default\">\n\t\t\t\t<div class=\"elementor-widget-container\">\n\t\t\t\t\t\t\t\t<div class=\"elementor-text-editor elementor-clearfix\">\n\t\t\t\t<p>Yes! Another one of our unique services. By booking a photographer from our team, we can offer a photo printing service on the same day. During the evening part (usually when food is served), we can even make A3-sized framed photos from your photo session or another moment of the day. Most of the time, these are pictures together with parents, which you can give them already in the evening! This is a real surprise not only for parents, but also for the participants of the celebration, and for you! We promise that your loved ones will be really surprised and happy to have a memory for a lifetime.<\/p>\t\t\t\t\t<\/div>\n\t\t\t\t\t\t<\/div>\n\t\t\t\t<\/div>\n\t\t\t\t<div class=\"elementor-element elementor-element-bfb2f90 elementor-widget elementor-widget-text-editor\" data-id=\"bfb2f90\" data-element_type=\"widget\" data-widget_type=\"text-editor.default\">\n\t\t\t\t<div class=\"elementor-widget-container\">\n\t\t\t\t\t\t\t\t<div class=\"elementor-text-editor elementor-clearfix\">\n\t\t\t\t<p><strong>What is included in the long wedding film?<\/strong><\/p>\t\t\t\t\t<\/div>\n\t\t\t\t\t\t<\/div>\n\t\t\t\t<\/div>\n\t\t\t\t<div class=\"elementor-element elementor-element-4336997 elementor-widget elementor-widget-text-editor\" data-id=\"4336997\" data-element_type=\"widget\" data-widget_type=\"text-editor.default\">\n\t\t\t\t<div class=\"elementor-widget-container\">\n\t\t\t\t\t\t\t\t<div class=\"elementor-text-editor elementor-clearfix\">\n\t\t\t\t<p>We include all the most important parts of the day in it. For example, parents' blessing, wedding vows in church, applause and rose petals when leaving the church. Later, there are shots of the photo session, which take us to the western part. Next, you will see the confidence of the young, the most important congratulations, thanks to parents and other participants of the celebration, the ritual of the family hearth, the first dance, and other moments depending on the wedding program. We don't just film entire games of the holiday, unless you want to get the unedited footage where you can find it. Please let us know in advance.<\/p>\t\t\t\t\t<\/div>\n\t\t\t\t\t\t<\/div>\n\t\t\t\t<\/div>\n\t\t\t\t\t\t<\/div>\n\t\t\t\t\t<\/div>\n\t\t<\/div>\n\t\t\t\t<div class=\"elementor-column elementor-col-50 elementor-top-column elementor-element elementor-element-cd53d7a\" data-id=\"cd53d7a\" data-element_type=\"column\">\n\t\t\t<div class=\"elementor-column-wrap elementor-element-populated\">\n\t\t\t\t\t\t\t<div class=\"elementor-widget-wrap\">\n\t\t\t\t\t\t<div class=\"elementor-element elementor-element-e56cf94 elementor-widget elementor-widget-text-editor\" data-id=\"e56cf94\" data-element_type=\"widget\" data-widget_type=\"text-editor.default\">\n\t\t\t\t<div class=\"elementor-widget-container\">\n\t\t\t\t\t\t\t\t<div class=\"elementor-text-editor elementor-clearfix\">\n\t\t\t\t<p><strong>We've heard that photographers and videographers sometimes lose all of their wedding footage. Won't that happen?<\/strong><\/p>\t\t\t\t\t<\/div>\n\t\t\t\t\t\t<\/div>\n\t\t\t\t<\/div>\n\t\t\t\t<div class=\"elementor-element elementor-element-d992b47 elementor-widget elementor-widget-text-editor\" data-id=\"d992b47\" data-element_type=\"widget\" data-widget_type=\"text-editor.default\">\n\t\t\t\t<div class=\"elementor-widget-container\">\n\t\t\t\t\t\t\t\t<div class=\"elementor-text-editor elementor-clearfix\">\n\t\t\t\t<p>Don't worry, the footage will not disappear!\u00a0<span style=\"color: var( --e-global-color-text ); font-family: var( --e-global-typography-text-font-family ), Sans-serif; font-size: 1rem;\">Material loss is usually caused by SD card corruption. This is a rare case, but it does happen.\u00a0<\/span><span style=\"color: var( --e-global-color-text ); font-family: var( --e-global-typography-text-font-family ), Sans-serif; font-size: 1rem;\">We film with professional cameras that support two memory cards at the same time. Thus, the material is written in two different places at the same time. We immediately back up the material to two or more different locations, ensuring that the material is never lost.<\/span><\/p>\t\t\t\t\t<\/div>\n\t\t\t\t\t\t<\/div>\n\t\t\t\t<\/div>\n\t\t\t\t<div class=\"elementor-element elementor-element-e5d19b3 elementor-widget elementor-widget-text-editor\" data-id=\"e5d19b3\" data-element_type=\"widget\" data-widget_type=\"text-editor.default\">\n\t\t\t\t<div class=\"elementor-widget-container\">\n\t\t\t\t\t\t\t\t<div class=\"elementor-text-editor elementor-clearfix\">\n\t\t\t\t<p><strong>Do we need two videographers?<\/strong><\/p>\t\t\t\t\t<\/div>\n\t\t\t\t\t\t<\/div>\n\t\t\t\t<\/div>\n\t\t\t\t<div class=\"elementor-element elementor-element-c8420ca elementor-widget elementor-widget-text-editor\" data-id=\"c8420ca\" data-element_type=\"widget\" data-widget_type=\"text-editor.default\">\n\t\t\t\t<div class=\"elementor-widget-container\">\n\t\t\t\t\t\t\t\t<div class=\"elementor-text-editor elementor-clearfix\">\n\t\t\t\t<p>It depends on the size and plan of your celebration. If you want to film the preparation of the young and the young at the same time, one videographer will not be able to do it. Also, to have more different shots, it's worth considering two videographers. When ordering a video on the same day, you will also get a second videographer!<\/p>\t\t\t\t\t<\/div>\n\t\t\t\t\t\t<\/div>\n\t\t\t\t<\/div>\n\t\t\t\t<div class=\"elementor-element elementor-element-2aa0056 elementor-widget elementor-widget-text-editor\" data-id=\"2aa0056\" data-element_type=\"widget\" data-widget_type=\"text-editor.default\">\n\t\t\t\t<div class=\"elementor-widget-container\">\n\t\t\t\t\t\t\t\t<div class=\"elementor-text-editor elementor-clearfix\">\n\t\t\t\t<p><strong>Can you recommend a photographer?<\/strong><\/p>\t\t\t\t\t<\/div>\n\t\t\t\t\t\t<\/div>\n\t\t\t\t<\/div>\n\t\t\t\t<div class=\"elementor-element elementor-element-4f6da35 elementor-widget elementor-widget-text-editor\" data-id=\"4f6da35\" data-element_type=\"widget\" data-widget_type=\"text-editor.default\">\n\t\t\t\t<div class=\"elementor-widget-container\">\n\t\t\t\t\t\t\t\t<div class=\"elementor-text-editor elementor-clearfix\">\n\t\t\t\t<p>Of course! Since I work with a team, we also have photographers. We are currently preparing a joint website, and in the meantime, I will be sure to tell you about my colleagues when I contact them.<\/p>\t\t\t\t\t<\/div>\n\t\t\t\t\t\t<\/div>\n\t\t\t\t<\/div>\n\t\t\t\t<div class=\"elementor-element elementor-element-a8a8943 elementor-widget elementor-widget-text-editor\" data-id=\"a8a8943\" data-element_type=\"widget\" data-widget_type=\"text-editor.default\">\n\t\t\t\t<div class=\"elementor-widget-container\">\n\t\t\t\t\t\t\t\t<div class=\"elementor-text-editor elementor-clearfix\">\n\t\t\t\t<p><strong>When will we receive our wedding films?<\/strong><\/p>\t\t\t\t\t<\/div>\n\t\t\t\t\t\t<\/div>\n\t\t\t\t<\/div>\n\t\t\t\t<div class=\"elementor-element elementor-element-d092690 elementor-widget elementor-widget-text-editor\" data-id=\"d092690\" data-element_type=\"widget\" data-widget_type=\"text-editor.default\">\n\t\t\t\t<div class=\"elementor-widget-container\">\n\t\t\t\t\t\t\t\t<div class=\"elementor-text-editor elementor-clearfix\">\n\t\t\t\t<p>It usually takes up to 4 months. The golden rule is that no matter how late in the year you plan your wedding, we promise to deliver everything before Christmas. Well, unless your wedding will take place in December :).<\/p>\t\t\t\t\t<\/div>\n\t\t\t\t\t\t<\/div>\n\t\t\t\t<\/div>\n\t\t\t\t<div class=\"elementor-element elementor-element-41d6962 elementor-widget elementor-widget-text-editor\" data-id=\"41d6962\" data-element_type=\"widget\" data-widget_type=\"text-editor.default\">\n\t\t\t\t<div class=\"elementor-widget-container\">\n\t\t\t\t\t\t\t\t<div class=\"elementor-text-editor elementor-clearfix\">\n\t\t\t\t<p><strong>Do you work with a contract?<\/strong><\/p>\t\t\t\t\t<\/div>\n\t\t\t\t\t\t<\/div>\n\t\t\t\t<\/div>\n\t\t\t\t<div class=\"elementor-element elementor-element-f367cce elementor-widget elementor-widget-text-editor\" data-id=\"f367cce\" data-element_type=\"widget\" data-widget_type=\"text-editor.default\">\n\t\t\t\t<div class=\"elementor-widget-container\">\n\t\t\t\t\t\t\t\t<div class=\"elementor-text-editor elementor-clearfix\">\n\t\t\t\t<p>Yes. As soon as you decide which package you want to order, we include all the details in the contract and sign it to confirm it. In this way, both we and you will be guaranteed that everything will go as planned. After all, this is one of the most important days in your life!<\/p>\t\t\t\t\t<\/div>\n\t\t\t\t\t\t<\/div>\n\t\t\t\t<\/div>\n\t\t\t\t<div class=\"elementor-element elementor-element-a3ea9c7 elementor-widget elementor-widget-text-editor\" data-id=\"a3ea9c7\" data-element_type=\"widget\" data-widget_type=\"text-editor.default\">\n\t\t\t\t<div class=\"elementor-widget-container\">\n\t\t\t\t\t\t\t\t<div class=\"elementor-text-editor elementor-clearfix\">\n\t\t\t\t<p><strong>Can we meet before the wedding to discuss all the details?<\/strong><\/p>\t\t\t\t\t<\/div>\n\t\t\t\t\t\t<\/div>\n\t\t\t\t<\/div>\n\t\t\t\t<div class=\"elementor-element elementor-element-63be5ea elementor-widget elementor-widget-text-editor\" data-id=\"63be5ea\" data-element_type=\"widget\" data-widget_type=\"text-editor.default\">\n\t\t\t\t<div class=\"elementor-widget-container\">\n\t\t\t\t\t\t\t\t<div class=\"elementor-text-editor elementor-clearfix\">\n\t\t\t\t<p>Of course, we can! But it depends on availability. In any case, we will not leave you with unanswered questions. If it is not possible to meet, we will organize a meeting remotely.<\/p>\t\t\t\t\t<\/div>\n\t\t\t\t\t\t<\/div>\n\t\t\t\t<\/div>\n\t\t\t\t\t\t<\/div>\n\t\t\t\t\t<\/div>\n\t\t<\/div>\n\t\t\t\t\t\t\t\t<\/div>\n\t\t\t\t\t<\/div>\n\t\t<\/section>\n\t\t\t\t\t\t\t\t\t<\/div>\n\t\t\t<\/div>\n\t\t\t\t\t<\/div>","protected":false},"excerpt":{"rendered":"<p>Kiek kamer\u0173 naudojate vestuvi\u0173 metu? Visuomet turiu dvejas kameras, bei du dronus, jeigu filmuoju vienas. Tris kameras ir du dronus, jeigu filmuojame dviese. Antras dronas &#8211; atsargai, niekada ne\u017einai kas gali nutikti. Kameros b\u016bna su skirtingais objektyvais, naudoju pagal poreik\u012f bei taip pat antroji kamera tarnauja, kaip atsargin\u0117, jeigu pagrindin\u0117 kamera susidurt\u0173 su problemomis. Kada [&hellip;]<\/p>","protected":false},"author":2,"featured_media":0,"parent":0,"menu_order":0,"comment_status":"closed","ping_status":"closed","template":"","meta":{"_mi_skip_tracking":false,"footnotes":""},"class_list":["post-2008","page","type-page","status-publish","hentry"],"yoast_head":"<!-- This site is optimized with the Yoast SEO plugin v19.4 - https:\/\/yoast.com\/wordpress\/plugins\/seo\/ -->\n<title>D.U.K. - AKpictures<\/title>\n<meta name=\"robots\" content=\"index, follow, max-snippet:-1, max-image-preview:large, max-video-preview:-1\" \/>\n<link rel=\"canonical\" href=\"https:\/\/akpictures.lt\/en\/duk\/\" \/>\n<meta property=\"og:locale\" content=\"en_GB\" \/>\n<meta property=\"og:type\" content=\"article\" \/>\n<meta property=\"og:title\" content=\"D.U.K. - AKpictures\" \/>\n<meta property=\"og:description\" content=\"Kiek kamer\u0173 naudojate vestuvi\u0173 metu? Visuomet turiu dvejas kameras, bei du dronus, jeigu filmuoju vienas. Tris kameras ir du dronus, jeigu filmuojame dviese. Antras dronas &#8211; atsargai, niekada ne\u017einai kas gali nutikti. Kameros b\u016bna su skirtingais objektyvais, naudoju pagal poreik\u012f bei taip pat antroji kamera tarnauja, kaip atsargin\u0117, jeigu pagrindin\u0117 kamera susidurt\u0173 su problemomis. Kada [&hellip;]\" \/>\n<meta property=\"og:url\" content=\"https:\/\/akpictures.lt\/en\/duk\/\" \/>\n<meta property=\"og:site_name\" content=\"AKpictures\" \/>\n<meta property=\"article:publisher\" content=\"https:\/\/www.facebook.com\/profile.php?id=100088568606295\" \/>\n<meta property=\"article:modified_time\" content=\"2023-02-19T08:03:49+00:00\" \/>\n<meta name=\"twitter:card\" content=\"summary_large_image\" \/>\n<meta name=\"twitter:label1\" content=\"Estimated reading time\" \/>\n\t<meta name=\"twitter:data1\" content=\"4 minutes\" \/>\n<script type=\"application\/ld+json\" class=\"yoast-schema-graph\">{\"@context\":\"https:\/\/schema.org\",\"@graph\":[{\"@type\":\"Organization\",\"@id\":\"https:\/\/akpictures.lt\/#organization\",\"name\":\"a.k.pictures\",\"url\":\"https:\/\/akpictures.lt\/\",\"sameAs\":[\"https:\/\/www.instagram.com\/a.k.pictures\/\",\"https:\/\/www.youtube.com\/channel\/UCngkNADYalSCHkZ1CqL0EYg\",\"https:\/\/www.facebook.com\/profile.php?id=100088568606295\"],\"logo\":{\"@type\":\"ImageObject\",\"inLanguage\":\"en-GB\",\"@id\":\"https:\/\/akpictures.lt\/#\/schema\/logo\/image\/\",\"url\":\"https:\/\/akpictures.lt\/wp-content\/uploads\/2023\/01\/a.k.pictures-juodas-transparent.png\",\"contentUrl\":\"https:\/\/akpictures.lt\/wp-content\/uploads\/2023\/01\/a.k.pictures-juodas-transparent.png\",\"width\":7080,\"height\":1201,\"caption\":\"a.k.pictures\"},\"image\":{\"@id\":\"https:\/\/akpictures.lt\/#\/schema\/logo\/image\/\"}},{\"@type\":\"WebSite\",\"@id\":\"https:\/\/akpictures.lt\/#website\",\"url\":\"https:\/\/akpictures.lt\/\",\"name\":\"AKpictures\",\"description\":\"vestuvi\u0173 filmai\",\"publisher\":{\"@id\":\"https:\/\/akpictures.lt\/#organization\"},\"potentialAction\":[{\"@type\":\"SearchAction\",\"target\":{\"@type\":\"EntryPoint\",\"urlTemplate\":\"https:\/\/akpictures.lt\/?s={search_term_string}\"},\"query-input\":\"required name=search_term_string\"}],\"inLanguage\":\"en-GB\"},{\"@type\":\"WebPage\",\"@id\":\"https:\/\/akpictures.lt\/en\/duk\/\",\"url\":\"https:\/\/akpictures.lt\/en\/duk\/\",\"name\":\"D.U.K. - AKpictures\",\"isPartOf\":{\"@id\":\"https:\/\/akpictures.lt\/#website\"},\"datePublished\":\"2023-01-26T04:47:35+00:00\",\"dateModified\":\"2023-02-19T08:03:49+00:00\",\"breadcrumb\":{\"@id\":\"https:\/\/akpictures.lt\/en\/duk\/#breadcrumb\"},\"inLanguage\":\"en-GB\",\"potentialAction\":[{\"@type\":\"ReadAction\",\"target\":[\"https:\/\/akpictures.lt\/en\/duk\/\"]}]},{\"@type\":\"BreadcrumbList\",\"@id\":\"https:\/\/akpictures.lt\/en\/duk\/#breadcrumb\",\"itemListElement\":[{\"@type\":\"ListItem\",\"position\":1,\"name\":\"Prad\u017eia\",\"item\":\"https:\/\/akpictures.lt\/\"},{\"@type\":\"ListItem\",\"position\":2,\"name\":\"D.U.K.\"}]}]}<\/script>\n<!-- \/ Yoast SEO plugin. -->","yoast_head_json":{"title":"D.U.K. - AKpictures","robots":{"index":"index","follow":"follow","max-snippet":"max-snippet:-1","max-image-preview":"max-image-preview:large","max-video-preview":"max-video-preview:-1"},"canonical":"https:\/\/akpictures.lt\/en\/duk\/","og_locale":"en_GB","og_type":"article","og_title":"D.U.K. - AKpictures","og_description":"Kiek kamer\u0173 naudojate vestuvi\u0173 metu? Visuomet turiu dvejas kameras, bei du dronus, jeigu filmuoju vienas. Tris kameras ir du dronus, jeigu filmuojame dviese. Antras dronas &#8211; atsargai, niekada ne\u017einai kas gali nutikti. Kameros b\u016bna su skirtingais objektyvais, naudoju pagal poreik\u012f bei taip pat antroji kamera tarnauja, kaip atsargin\u0117, jeigu pagrindin\u0117 kamera susidurt\u0173 su problemomis. Kada [&hellip;]","og_url":"https:\/\/akpictures.lt\/en\/duk\/","og_site_name":"AKpictures","article_publisher":"https:\/\/www.facebook.com\/profile.php?id=100088568606295","article_modified_time":"2023-02-19T08:03:49+00:00","twitter_card":"summary_large_image","twitter_misc":{"Estimated reading time":"4 minutes"},"schema":{"@context":"https:\/\/schema.org","@graph":[{"@type":"Organization","@id":"https:\/\/akpictures.lt\/#organization","name":"a.k.pictures","url":"https:\/\/akpictures.lt\/","sameAs":["https:\/\/www.instagram.com\/a.k.pictures\/","https:\/\/www.youtube.com\/channel\/UCngkNADYalSCHkZ1CqL0EYg","https:\/\/www.facebook.com\/profile.php?id=100088568606295"],"logo":{"@type":"ImageObject","inLanguage":"en-GB","@id":"https:\/\/akpictures.lt\/#\/schema\/logo\/image\/","url":"https:\/\/akpictures.lt\/wp-content\/uploads\/2023\/01\/a.k.pictures-juodas-transparent.png","contentUrl":"https:\/\/akpictures.lt\/wp-content\/uploads\/2023\/01\/a.k.pictures-juodas-transparent.png","width":7080,"height":1201,"caption":"a.k.pictures"},"image":{"@id":"https:\/\/akpictures.lt\/#\/schema\/logo\/image\/"}},{"@type":"WebSite","@id":"https:\/\/akpictures.lt\/#website","url":"https:\/\/akpictures.lt\/","name":"AKpictures","description":"vestuvi\u0173 filmai","publisher":{"@id":"https:\/\/akpictures.lt\/#organization"},"potentialAction":[{"@type":"SearchAction","target":{"@type":"EntryPoint","urlTemplate":"https:\/\/akpictures.lt\/?s={search_term_string}"},"query-input":"required name=search_term_string"}],"inLanguage":"en-GB"},{"@type":"WebPage","@id":"https:\/\/akpictures.lt\/en\/duk\/","url":"https:\/\/akpictures.lt\/en\/duk\/","name":"D.U.K. - AKpictures","isPartOf":{"@id":"https:\/\/akpictures.lt\/#website"},"datePublished":"2023-01-26T04:47:35+00:00","dateModified":"2023-02-19T08:03:49+00:00","breadcrumb":{"@id":"https:\/\/akpictures.lt\/en\/duk\/#breadcrumb"},"inLanguage":"en-GB","potentialAction":[{"@type":"ReadAction","target":["https:\/\/akpictures.lt\/en\/duk\/"]}]},{"@type":"BreadcrumbList","@id":"https:\/\/akpictures.lt\/en\/duk\/#breadcrumb","itemListElement":[{"@type":"ListItem","position":1,"name":"Prad\u017eia","item":"https:\/\/akpictures.lt\/"},{"@type":"ListItem","position":2,"name":"D.U.K."}]}]}},"_links":{"self":[{"href":"https:\/\/akpictures.lt\/en\/wp-json\/wp\/v2\/pages\/2008","targetHints":{"allow":["GET"]}}],"collection":[{"href":"https:\/\/akpictures.lt\/en\/wp-json\/wp\/v2\/pages"}],"about":[{"href":"https:\/\/akpictures.lt\/en\/wp-json\/wp\/v2\/types\/page"}],"author":[{"embeddable":true,"href":"https:\/\/akpictures.lt\/en\/wp-json\/wp\/v2\/users\/2"}],"replies":[{"embeddable":true,"href":"https:\/\/akpictures.lt\/en\/wp-json\/wp\/v2\/comments?post=2008"}],"version-history":[{"count":21,"href":"https:\/\/akpictures.lt\/en\/wp-json\/wp\/v2\/pages\/2008\/revisions"}],"predecessor-version":[{"id":2884,"href":"https:\/\/akpictures.lt\/en\/wp-json\/wp\/v2\/pages\/2008\/revisions\/2884"}],"wp:attachment":[{"href":"https:\/\/akpictures.lt\/en\/wp-json\/wp\/v2\/media?parent=2008"}],"curies":[{"name":"wp","href":"https:\/\/api.w.org\/{rel}","templated":true}]}}