{"id":1803,"date":"2023-01-25T07:00:13","date_gmt":"2023-01-25T05:00:13","guid":{"rendered":"https:\/\/akpictures.lt\/?page_id=1803"},"modified":"2024-01-10T03:28:31","modified_gmt":"2024-01-10T01:28:31","slug":"apie-mane","status":"publish","type":"page","link":"https:\/\/akpictures.lt\/en\/apie-mane\/","title":{"rendered":"About me"},"content":{"rendered":"<div data-elementor-type=\"wp-page\" data-elementor-id=\"1803\" class=\"elementor elementor-1803\">\n\t\t\t\t\t\t<div class=\"elementor-inner\">\n\t\t\t\t<div class=\"elementor-section-wrap\">\n\t\t\t\t\t\t\t\t\t<section class=\"elementor-section elementor-top-section elementor-element elementor-element-21f6d47 elementor-section-boxed elementor-section-height-default elementor-section-height-default\" data-id=\"21f6d47\" data-element_type=\"section\">\n\t\t\t\t\t\t<div class=\"elementor-container elementor-column-gap-default\">\n\t\t\t\t\t\t\t<div class=\"elementor-row\">\n\t\t\t\t\t<div class=\"elementor-column elementor-col-100 elementor-top-column elementor-element elementor-element-6d9268d\" data-id=\"6d9268d\" data-element_type=\"column\">\n\t\t\t<div class=\"elementor-column-wrap elementor-element-populated\">\n\t\t\t\t\t\t\t<div class=\"elementor-widget-wrap\">\n\t\t\t\t\t\t<div class=\"elementor-element elementor-element-41942ac elementor-widget elementor-widget-text-editor\" data-id=\"41942ac\" data-element_type=\"widget\" data-widget_type=\"text-editor.default\">\n\t\t\t\t<div class=\"elementor-widget-container\">\n\t\t\t\t\t\t\t\t<div class=\"elementor-text-editor elementor-clearfix\">\n\t\t\t\t<p style=\"text-align: center;\">I love my job as You love each other.<\/p>\t\t\t\t\t<\/div>\n\t\t\t\t\t\t<\/div>\n\t\t\t\t<\/div>\n\t\t\t\t<div class=\"elementor-element elementor-element-7c57908 elementor-widget elementor-widget-text-editor\" data-id=\"7c57908\" data-element_type=\"widget\" data-widget_type=\"text-editor.default\">\n\t\t\t\t<div class=\"elementor-widget-container\">\n\t\t\t\t\t\t\t\t<div class=\"elementor-text-editor elementor-clearfix\">\n\t\t\t\t<p style=\"text-align: center;\">The story of the wedding videographer.<\/p>\t\t\t\t\t<\/div>\n\t\t\t\t\t\t<\/div>\n\t\t\t\t<\/div>\n\t\t\t\t\t\t<\/div>\n\t\t\t\t\t<\/div>\n\t\t<\/div>\n\t\t\t\t\t\t\t\t<\/div>\n\t\t\t\t\t<\/div>\n\t\t<\/section>\n\t\t\t\t<section class=\"elementor-section elementor-top-section elementor-element elementor-element-e1a29e7 elementor-section-boxed elementor-section-height-default elementor-section-height-default\" data-id=\"e1a29e7\" data-element_type=\"section\">\n\t\t\t\t\t\t<div class=\"elementor-container elementor-column-gap-default\">\n\t\t\t\t\t\t\t<div class=\"elementor-row\">\n\t\t\t\t\t<div class=\"elementor-column elementor-col-50 elementor-top-column elementor-element elementor-element-bf76573\" data-id=\"bf76573\" data-element_type=\"column\">\n\t\t\t<div class=\"elementor-column-wrap elementor-element-populated\">\n\t\t\t\t\t\t\t<div class=\"elementor-widget-wrap\">\n\t\t\t\t\t\t<div class=\"elementor-element elementor-element-2dea34d elementor-widget elementor-widget-spacer\" data-id=\"2dea34d\" data-element_type=\"widget\" data-widget_type=\"spacer.default\">\n\t\t\t\t<div class=\"elementor-widget-container\">\n\t\t\t\t\t<div class=\"elementor-spacer\">\n\t\t\t<div class=\"elementor-spacer-inner\"><\/div>\n\t\t<\/div>\n\t\t\t\t<\/div>\n\t\t\t\t<\/div>\n\t\t\t\t<div class=\"elementor-element elementor-element-84939a5 elementor-widget elementor-widget-text-editor\" data-id=\"84939a5\" data-element_type=\"widget\" data-widget_type=\"text-editor.default\">\n\t\t\t\t<div class=\"elementor-widget-container\">\n\t\t\t\t\t\t\t\t<div class=\"elementor-text-editor elementor-clearfix\">\n\t\t\t\t<p style=\"margin-top: 0cm; margin-right: 0cm; margin-left: 0cm; caret-color: #000000; color: #000000; font-size: 12pt; text-align: justify; font-family: 'Times New Roman', serif;\"><span style=\"color: #000000; font-family: 'Source Sans Pro', sans-serif; font-size: 12pt;\">After finishing school in Ignalina, Lithuania at the age of 18, I went to England to study electronic engineering. During my studies, I noticed that this specialty is probably not for me. I was always inclined towards the field of art. I graduated from music school where I played the accordion and percussion. After graduation, I taught myself to play the guitar and a little piano. I decided to keep music as a way of relaxation. Well, in my sophomore year, I became interested in cameras, films, and photos, and that's how I took my first steps in this profession.\u00a0<\/span><\/p><p style=\"margin-top: 0cm; margin-right: 0cm; margin-left: 0cm; caret-color: #000000; color: #000000; font-size: 12pt; text-align: justify; font-family: 'Times New Roman', serif;\"><span lang=\"LT\" style=\"font-family: 'Source Sans Pro', sans-serif; color: #000000;\">After returning to Lithuania for the summer after the second year, I did about 50 photo sessions for my friends and acquaintances, thus deepening my knowledge and at that time I realized that this is my true passion.<\/span><\/p><p style=\"margin-top: 0cm; margin-right: 0cm; margin-left: 0cm; caret-color: #000000; color: #000000; font-size: 12pt; text-align: justify; font-family: 'Times New Roman', serif;\"><span lang=\"LT\" style=\"font-family: 'Source Sans Pro', sans-serif; color: #000000;\">When the academic year started, I returned to the city of Bristol, but when the covid started, I flew back to Lithuania, where I finished writing my bachelor's thesis and thus finished my studies and obtained an engineering diploma. While writing my thesis, I got a job as a manager of UAB Promaksa. I studied business and life there. I gained invaluable experience in selling drones, cameras, and communicating with customers. After work, I always tried to carry out my activity, which I named - a.k.pictures. These are my photo and video services.<\/span><\/p><p style=\"margin-top: 0cm; margin-right: 0cm; margin-left: 0cm; caret-color: #000000; color: #000000; font-size: 12pt; text-align: justify; font-family: 'Times New Roman', serif;\"><span lang=\"LT\" style=\"font-family: 'Source Sans Pro', sans-serif; color: #000000;\">After a year at Promaksa, I changed jobs and became an engineer at the mobile television station (KTS) in LRT television, continuing my a.k.pictures activities. I worked on TV projects such as \"Auksinis protas,\" \"1000-me\u010dio vaikai,\" and Eurovision Song Contest selections, as well as various concerts at \u017dalgiris Arena and the large LRT studio, which you see on LRT television. I also covered numerous business trips to different cities in Lithuania, filming state celebrations, performances, festivals, and broadcasting them live. One memorable evening was when I unexpectedly had to rush to work and broadcast a concert dedicated to supporting Ukraine in front of the Russian embassy, the day the war began. I had to focus in a stressful situation and perform my duties flawlessly.<\/span><\/p><p style=\"margin-top: 0cm; margin-right: 0cm; margin-left: 0cm; caret-color: #000000; color: #000000; font-size: 12pt; text-align: justify; font-family: 'Times New Roman', serif;\"><span style=\"color: #000000;\"><span lang=\"LT\" style=\"font-family: 'Source Sans Pro', sans-serif;\">After a year and a half at LRT, I decided to quit and went to Australia, Sydney. There, I lived for 6 months, filming beautiful budget Lebanese, Arabic, and Australian weddings. I learned a lot about both filming and myself and got to know new cultures. <br \/><br \/>After this adventure, I returned to Lithuania, filmed numerous events and weddings during the summer, and received an invitation to return to LRT in the fall. I accepted it, and currently, I work in my beloved job while continuing my a.k.pictures filming activities.<br \/><\/span><\/span><\/p><p style=\"margin-top: 0cm; margin-right: 0cm; margin-left: 0cm; caret-color: #000000; color: #000000; font-size: 12pt; text-align: justify; font-family: 'Times New Roman', serif;\"><span lang=\"LT\" style=\"font-family: 'Source Sans Pro', sans-serif; color: #000000;\">Best Regards,\u00a0<\/span><\/p><p style=\"margin-top: 0cm; margin-right: 0cm; margin-left: 0cm; caret-color: #000000; color: #000000; font-size: 12pt; text-align: justify; font-family: 'Times New Roman', serif;\"><span lang=\"LT\" style=\"font-family: 'Source Sans Pro', sans-serif; color: #000000;\">Audrius<\/span><\/p>\t\t\t\t\t<\/div>\n\t\t\t\t\t\t<\/div>\n\t\t\t\t<\/div>\n\t\t\t\t<div class=\"elementor-element elementor-element-769d977 elementor-widget elementor-widget-spacer\" data-id=\"769d977\" data-element_type=\"widget\" data-widget_type=\"spacer.default\">\n\t\t\t\t<div class=\"elementor-widget-container\">\n\t\t\t\t\t<div class=\"elementor-spacer\">\n\t\t\t<div class=\"elementor-spacer-inner\"><\/div>\n\t\t<\/div>\n\t\t\t\t<\/div>\n\t\t\t\t<\/div>\n\t\t\t\t\t\t<\/div>\n\t\t\t\t\t<\/div>\n\t\t<\/div>\n\t\t\t\t<div class=\"elementor-column elementor-col-50 elementor-top-column elementor-element elementor-element-2446b84\" data-id=\"2446b84\" data-element_type=\"column\">\n\t\t\t<div class=\"elementor-column-wrap elementor-element-populated\">\n\t\t\t\t\t\t\t<div class=\"elementor-widget-wrap\">\n\t\t\t\t\t\t<div class=\"elementor-element elementor-element-0137ac0 elementor-widget elementor-widget-spacer\" data-id=\"0137ac0\" data-element_type=\"widget\" data-widget_type=\"spacer.default\">\n\t\t\t\t<div class=\"elementor-widget-container\">\n\t\t\t\t\t<div class=\"elementor-spacer\">\n\t\t\t<div class=\"elementor-spacer-inner\"><\/div>\n\t\t<\/div>\n\t\t\t\t<\/div>\n\t\t\t\t<\/div>\n\t\t\t\t<div class=\"elementor-element elementor-element-1eb663b elementor-widget elementor-widget-image\" data-id=\"1eb663b\" data-element_type=\"widget\" data-widget_type=\"image.default\">\n\t\t\t\t<div class=\"elementor-widget-container\">\n\t\t\t\t\t\t\t\t<div class=\"elementor-image\">\n\t\t\t\t\t\t\t\t\t\t\t\t<img loading=\"lazy\" decoding=\"async\" width=\"683\" height=\"1024\" src=\"https:\/\/akpictures.lt\/wp-content\/uploads\/2024\/01\/385909660_285818794382593_5855620458546835011_n-683x1024.jpg\" class=\"attachment-large size-large wp-image-3075\" alt=\"\" srcset=\"https:\/\/akpictures.lt\/wp-content\/uploads\/2024\/01\/385909660_285818794382593_5855620458546835011_n-683x1024.jpg 683w, https:\/\/akpictures.lt\/wp-content\/uploads\/2024\/01\/385909660_285818794382593_5855620458546835011_n-200x300.jpg 200w, https:\/\/akpictures.lt\/wp-content\/uploads\/2024\/01\/385909660_285818794382593_5855620458546835011_n-768x1152.jpg 768w, https:\/\/akpictures.lt\/wp-content\/uploads\/2024\/01\/385909660_285818794382593_5855620458546835011_n-1024x1536.jpg 1024w, https:\/\/akpictures.lt\/wp-content\/uploads\/2024\/01\/385909660_285818794382593_5855620458546835011_n-8x12.jpg 8w, https:\/\/akpictures.lt\/wp-content\/uploads\/2024\/01\/385909660_285818794382593_5855620458546835011_n.jpg 1365w\" sizes=\"auto, (max-width: 683px) 100vw, 683px\" \/>\t\t\t\t\t\t\t\t\t\t\t\t\t\t<\/div>\n\t\t\t\t\t\t<\/div>\n\t\t\t\t<\/div>\n\t\t\t\t\t\t<\/div>\n\t\t\t\t\t<\/div>\n\t\t<\/div>\n\t\t\t\t\t\t\t\t<\/div>\n\t\t\t\t\t<\/div>\n\t\t<\/section>\n\t\t\t\t<section class=\"elementor-section elementor-top-section elementor-element elementor-element-50f463b elementor-section-boxed elementor-section-height-default elementor-section-height-default\" data-id=\"50f463b\" data-element_type=\"section\">\n\t\t\t\t\t\t<div class=\"elementor-container elementor-column-gap-default\">\n\t\t\t\t\t\t\t<div class=\"elementor-row\">\n\t\t\t\t\t<div class=\"elementor-column elementor-col-100 elementor-top-column elementor-element elementor-element-f6ba4cf\" data-id=\"f6ba4cf\" data-element_type=\"column\">\n\t\t\t<div class=\"elementor-column-wrap elementor-element-populated\">\n\t\t\t\t\t\t\t<div class=\"elementor-widget-wrap\">\n\t\t\t\t\t\t<div class=\"elementor-element elementor-element-5f92768 elementor-align-center elementor-widget elementor-widget-button\" data-id=\"5f92768\" data-element_type=\"widget\" data-widget_type=\"button.default\">\n\t\t\t\t<div class=\"elementor-widget-container\">\n\t\t\t\t\t<div class=\"elementor-button-wrapper\">\n\t\t\t<a href=\"https:\/\/akpictures.lt\/en\/kontaktai\/\" class=\"elementor-button-link elementor-button elementor-size-sm\" role=\"button\">\n\t\t\t\t\t\t<span class=\"elementor-button-content-wrapper\">\n\t\t\t\t\t\t<span class=\"elementor-button-text\">Let's get in touch!<\/span>\n\t\t<\/span>\n\t\t\t\t\t<\/a>\n\t\t<\/div>\n\t\t\t\t<\/div>\n\t\t\t\t<\/div>\n\t\t\t\t\t\t<\/div>\n\t\t\t\t\t<\/div>\n\t\t<\/div>\n\t\t\t\t\t\t\t\t<\/div>\n\t\t\t\t\t<\/div>\n\t\t<\/section>\n\t\t\t\t<section class=\"elementor-section elementor-top-section elementor-element elementor-element-5acfcc1 elementor-section-boxed elementor-section-height-default elementor-section-height-default\" data-id=\"5acfcc1\" data-element_type=\"section\">\n\t\t\t\t\t\t<div class=\"elementor-container elementor-column-gap-default\">\n\t\t\t\t\t\t\t<div class=\"elementor-row\">\n\t\t\t\t\t<div class=\"elementor-column elementor-col-100 elementor-top-column elementor-element elementor-element-3608316\" data-id=\"3608316\" data-element_type=\"column\">\n\t\t\t<div class=\"elementor-column-wrap elementor-element-populated\">\n\t\t\t\t\t\t\t<div class=\"elementor-widget-wrap\">\n\t\t\t\t\t\t<div class=\"elementor-element elementor-element-8784ef7 elementor-widget elementor-widget-spacer\" data-id=\"8784ef7\" data-element_type=\"widget\" data-widget_type=\"spacer.default\">\n\t\t\t\t<div class=\"elementor-widget-container\">\n\t\t\t\t\t<div class=\"elementor-spacer\">\n\t\t\t<div class=\"elementor-spacer-inner\"><\/div>\n\t\t<\/div>\n\t\t\t\t<\/div>\n\t\t\t\t<\/div>\n\t\t\t\t\t\t<\/div>\n\t\t\t\t\t<\/div>\n\t\t<\/div>\n\t\t\t\t\t\t\t\t<\/div>\n\t\t\t\t\t<\/div>\n\t\t<\/section>\n\t\t\t\t\t\t\t\t\t<\/div>\n\t\t\t<\/div>\n\t\t\t\t\t<\/div>","protected":false},"excerpt":{"rendered":"<p>Myliu savo darb\u0105, kaip J\u016bs mylite vienas kit\u0105. Vestuvi\u0173 videografo istorija. 18-kos met\u0173 baig\u0119s mokykl\u0105 Ignalinoje i\u0161va\u017eiavau \u012f Anglij\u0105 studijuoti elektronikos in\u017einerijos. Studij\u0173 metu pasteb\u0117jau, kad \u0161i specialyb\u0117 tikriausiai ne man. Juk visada buvau link\u0119s \u012f meno srit\u012f. Baigiau muzikos mokykl\u0105, kurioje grojau akordeonu, mu\u0161amaisiais. Baig\u0119s savaranki\u0161kai i\u0161mokau groti gitara ir \u0161iek tiek pianinu. Nusprend\u017eiau [&hellip;]<\/p>","protected":false},"author":2,"featured_media":1058,"parent":0,"menu_order":0,"comment_status":"closed","ping_status":"closed","template":"","meta":{"_mi_skip_tracking":false,"footnotes":""},"class_list":["post-1803","page","type-page","status-publish","has-post-thumbnail","hentry"],"yoast_head":"<!-- This site is optimized with the Yoast SEO plugin v19.4 - https:\/\/yoast.com\/wordpress\/plugins\/seo\/ -->\n<title>Profesionalus vestuvi\u0173 filmuotojas Audrius Kindurys - a.k.pictures<\/title>\n<meta name=\"description\" content=\"Sveiki! Vestuves filmuoju jau 5 metus. Mano svetain\u0117je rasite vis\u0105 informacij\u0105 apie J\u016bs\u0173 vestuvi\u0173 \u012fam\u017einim\u0105!\" \/>\n<meta name=\"robots\" content=\"index, follow, max-snippet:-1, max-image-preview:large, max-video-preview:-1\" \/>\n<link rel=\"canonical\" href=\"https:\/\/akpictures.lt\/en\/apie-mane\/\" \/>\n<meta property=\"og:locale\" content=\"en_GB\" \/>\n<meta property=\"og:type\" content=\"article\" \/>\n<meta property=\"og:title\" content=\"Profesionalus vestuvi\u0173 filmuotojas - Audrius Kindurys\" \/>\n<meta property=\"og:description\" content=\"Sveiki! Vestuves filmuoju jau 5 metus. Mano svetain\u0117je rasite vis\u0105 informacij\u0105 apie J\u016bs\u0173 vestuvi\u0173 \u012fam\u017einim\u0105!\" \/>\n<meta property=\"og:url\" content=\"https:\/\/akpictures.lt\/en\/apie-mane\/\" \/>\n<meta property=\"og:site_name\" content=\"AKpictures\" \/>\n<meta property=\"article:publisher\" content=\"https:\/\/www.facebook.com\/profile.php?id=100088568606295\" \/>\n<meta property=\"article:modified_time\" content=\"2024-01-10T01:28:31+00:00\" \/>\n<meta property=\"og:image\" content=\"http:\/\/akpictures.lt\/wp-content\/uploads\/2023\/01\/A.K-1-2.jpg\" \/>\n\t<meta property=\"og:image:width\" content=\"1536\" \/>\n\t<meta property=\"og:image:height\" content=\"2048\" \/>\n\t<meta property=\"og:image:type\" content=\"image\/jpeg\" \/>\n<meta name=\"twitter:card\" content=\"summary_large_image\" \/>\n<meta name=\"twitter:label1\" content=\"Estimated reading time\" \/>\n\t<meta name=\"twitter:data1\" content=\"3 minutes\" \/>\n<script type=\"application\/ld+json\" class=\"yoast-schema-graph\">{\"@context\":\"https:\/\/schema.org\",\"@graph\":[{\"@type\":\"Organization\",\"@id\":\"https:\/\/akpictures.lt\/#organization\",\"name\":\"a.k.pictures\",\"url\":\"https:\/\/akpictures.lt\/\",\"sameAs\":[\"https:\/\/www.instagram.com\/a.k.pictures\/\",\"https:\/\/www.youtube.com\/channel\/UCngkNADYalSCHkZ1CqL0EYg\",\"https:\/\/www.facebook.com\/profile.php?id=100088568606295\"],\"logo\":{\"@type\":\"ImageObject\",\"inLanguage\":\"en-GB\",\"@id\":\"https:\/\/akpictures.lt\/#\/schema\/logo\/image\/\",\"url\":\"https:\/\/akpictures.lt\/wp-content\/uploads\/2023\/01\/a.k.pictures-juodas-transparent.png\",\"contentUrl\":\"https:\/\/akpictures.lt\/wp-content\/uploads\/2023\/01\/a.k.pictures-juodas-transparent.png\",\"width\":7080,\"height\":1201,\"caption\":\"a.k.pictures\"},\"image\":{\"@id\":\"https:\/\/akpictures.lt\/#\/schema\/logo\/image\/\"}},{\"@type\":\"WebSite\",\"@id\":\"https:\/\/akpictures.lt\/#website\",\"url\":\"https:\/\/akpictures.lt\/\",\"name\":\"AKpictures\",\"description\":\"vestuvi\u0173 filmai\",\"publisher\":{\"@id\":\"https:\/\/akpictures.lt\/#organization\"},\"potentialAction\":[{\"@type\":\"SearchAction\",\"target\":{\"@type\":\"EntryPoint\",\"urlTemplate\":\"https:\/\/akpictures.lt\/?s={search_term_string}\"},\"query-input\":\"required name=search_term_string\"}],\"inLanguage\":\"en-GB\"},{\"@type\":\"WebPage\",\"@id\":\"https:\/\/akpictures.lt\/apie-mane\/\",\"url\":\"https:\/\/akpictures.lt\/apie-mane\/\",\"name\":\"Profesionalus vestuvi\u0173 filmuotojas Audrius Kindurys - a.k.pictures\",\"isPartOf\":{\"@id\":\"https:\/\/akpictures.lt\/#website\"},\"datePublished\":\"2023-01-25T05:00:13+00:00\",\"dateModified\":\"2024-01-10T01:28:31+00:00\",\"description\":\"Sveiki! Vestuves filmuoju jau 5 metus. Mano svetain\u0117je rasite vis\u0105 informacij\u0105 apie J\u016bs\u0173 vestuvi\u0173 \u012fam\u017einim\u0105!\",\"breadcrumb\":{\"@id\":\"https:\/\/akpictures.lt\/apie-mane\/#breadcrumb\"},\"inLanguage\":\"en-GB\",\"potentialAction\":[{\"@type\":\"ReadAction\",\"target\":[\"https:\/\/akpictures.lt\/apie-mane\/\"]}]},{\"@type\":\"BreadcrumbList\",\"@id\":\"https:\/\/akpictures.lt\/apie-mane\/#breadcrumb\",\"itemListElement\":[{\"@type\":\"ListItem\",\"position\":1,\"name\":\"Prad\u017eia\",\"item\":\"https:\/\/akpictures.lt\/\"},{\"@type\":\"ListItem\",\"position\":2,\"name\":\"Apie mane\"}]}]}<\/script>\n<!-- \/ Yoast SEO plugin. -->","yoast_head_json":{"title":"Profesionalus vestuvi\u0173 filmuotojas Audrius Kindurys - a.k.pictures","description":"Sveiki! Vestuves filmuoju jau 5 metus. Mano svetain\u0117je rasite vis\u0105 informacij\u0105 apie J\u016bs\u0173 vestuvi\u0173 \u012fam\u017einim\u0105!","robots":{"index":"index","follow":"follow","max-snippet":"max-snippet:-1","max-image-preview":"max-image-preview:large","max-video-preview":"max-video-preview:-1"},"canonical":"https:\/\/akpictures.lt\/en\/apie-mane\/","og_locale":"en_GB","og_type":"article","og_title":"Profesionalus vestuvi\u0173 filmuotojas - Audrius Kindurys","og_description":"Sveiki! Vestuves filmuoju jau 5 metus. Mano svetain\u0117je rasite vis\u0105 informacij\u0105 apie J\u016bs\u0173 vestuvi\u0173 \u012fam\u017einim\u0105!","og_url":"https:\/\/akpictures.lt\/en\/apie-mane\/","og_site_name":"AKpictures","article_publisher":"https:\/\/www.facebook.com\/profile.php?id=100088568606295","article_modified_time":"2024-01-10T01:28:31+00:00","og_image":[{"width":1536,"height":2048,"url":"http:\/\/akpictures.lt\/wp-content\/uploads\/2023\/01\/A.K-1-2.jpg","type":"image\/jpeg"}],"twitter_card":"summary_large_image","twitter_misc":{"Estimated reading time":"3 minutes"},"schema":{"@context":"https:\/\/schema.org","@graph":[{"@type":"Organization","@id":"https:\/\/akpictures.lt\/#organization","name":"a.k.pictures","url":"https:\/\/akpictures.lt\/","sameAs":["https:\/\/www.instagram.com\/a.k.pictures\/","https:\/\/www.youtube.com\/channel\/UCngkNADYalSCHkZ1CqL0EYg","https:\/\/www.facebook.com\/profile.php?id=100088568606295"],"logo":{"@type":"ImageObject","inLanguage":"en-GB","@id":"https:\/\/akpictures.lt\/#\/schema\/logo\/image\/","url":"https:\/\/akpictures.lt\/wp-content\/uploads\/2023\/01\/a.k.pictures-juodas-transparent.png","contentUrl":"https:\/\/akpictures.lt\/wp-content\/uploads\/2023\/01\/a.k.pictures-juodas-transparent.png","width":7080,"height":1201,"caption":"a.k.pictures"},"image":{"@id":"https:\/\/akpictures.lt\/#\/schema\/logo\/image\/"}},{"@type":"WebSite","@id":"https:\/\/akpictures.lt\/#website","url":"https:\/\/akpictures.lt\/","name":"AKpictures","description":"vestuvi\u0173 filmai","publisher":{"@id":"https:\/\/akpictures.lt\/#organization"},"potentialAction":[{"@type":"SearchAction","target":{"@type":"EntryPoint","urlTemplate":"https:\/\/akpictures.lt\/?s={search_term_string}"},"query-input":"required name=search_term_string"}],"inLanguage":"en-GB"},{"@type":"WebPage","@id":"https:\/\/akpictures.lt\/apie-mane\/","url":"https:\/\/akpictures.lt\/apie-mane\/","name":"Profesionalus vestuvi\u0173 filmuotojas Audrius Kindurys - a.k.pictures","isPartOf":{"@id":"https:\/\/akpictures.lt\/#website"},"datePublished":"2023-01-25T05:00:13+00:00","dateModified":"2024-01-10T01:28:31+00:00","description":"Sveiki! Vestuves filmuoju jau 5 metus. Mano svetain\u0117je rasite vis\u0105 informacij\u0105 apie J\u016bs\u0173 vestuvi\u0173 \u012fam\u017einim\u0105!","breadcrumb":{"@id":"https:\/\/akpictures.lt\/apie-mane\/#breadcrumb"},"inLanguage":"en-GB","potentialAction":[{"@type":"ReadAction","target":["https:\/\/akpictures.lt\/apie-mane\/"]}]},{"@type":"BreadcrumbList","@id":"https:\/\/akpictures.lt\/apie-mane\/#breadcrumb","itemListElement":[{"@type":"ListItem","position":1,"name":"Prad\u017eia","item":"https:\/\/akpictures.lt\/"},{"@type":"ListItem","position":2,"name":"Apie mane"}]}]}},"_links":{"self":[{"href":"https:\/\/akpictures.lt\/en\/wp-json\/wp\/v2\/pages\/1803","targetHints":{"allow":["GET"]}}],"collection":[{"href":"https:\/\/akpictures.lt\/en\/wp-json\/wp\/v2\/pages"}],"about":[{"href":"https:\/\/akpictures.lt\/en\/wp-json\/wp\/v2\/types\/page"}],"author":[{"embeddable":true,"href":"https:\/\/akpictures.lt\/en\/wp-json\/wp\/v2\/users\/2"}],"replies":[{"embeddable":true,"href":"https:\/\/akpictures.lt\/en\/wp-json\/wp\/v2\/comments?post=1803"}],"version-history":[{"count":92,"href":"https:\/\/akpictures.lt\/en\/wp-json\/wp\/v2\/pages\/1803\/revisions"}],"predecessor-version":[{"id":3079,"href":"https:\/\/akpictures.lt\/en\/wp-json\/wp\/v2\/pages\/1803\/revisions\/3079"}],"wp:featuredmedia":[{"embeddable":true,"href":"https:\/\/akpictures.lt\/en\/wp-json\/wp\/v2\/media\/1058"}],"wp:attachment":[{"href":"https:\/\/akpictures.lt\/en\/wp-json\/wp\/v2\/media?parent=1803"}],"curies":[{"name":"wp","href":"https:\/\/api.w.org\/{rel}","templated":true}]}}